{"id":2,"date":"2025-10-13T10:18:15","date_gmt":"2025-10-13T10:18:15","guid":{"rendered":"http:\/\/veloclubtournus.fr\/?page_id=2"},"modified":"2025-11-07T16:58:16","modified_gmt":"2025-11-07T16:58:16","slug":"sample-page","status":"publish","type":"page","link":"https:\/\/veloclubtournus.fr\/","title":{"rendered":"Accueil"},"content":{"rendered":"\t\t<div data-elementor-type=\"wp-page\" data-elementor-id=\"2\" class=\"elementor elementor-2\">\n\t\t\t\t<div class=\"elementor-element elementor-element-5e01916 e-flex e-con-boxed e-con e-parent\" data-id=\"5e01916\" data-element_type=\"container\" data-e-type=\"container\">\n\t\t\t\t\t<div class=\"e-con-inner\">\n\t\t\t\t<div class=\"elementor-element elementor-element-3d3a99c e-transform elementor-invisible elementor-widget elementor-widget-heading\" data-id=\"3d3a99c\" data-element_type=\"widget\" data-e-type=\"widget\" data-settings=\"{&quot;_animation&quot;:&quot;zoomIn&quot;,&quot;_transform_scale_effect&quot;:{&quot;unit&quot;:&quot;px&quot;,&quot;size&quot;:0.8,&quot;sizes&quot;:[]},&quot;_transform_scale_effect_tablet&quot;:{&quot;unit&quot;:&quot;px&quot;,&quot;size&quot;:&quot;&quot;,&quot;sizes&quot;:[]},&quot;_transform_scale_effect_mobile&quot;:{&quot;unit&quot;:&quot;px&quot;,&quot;size&quot;:&quot;&quot;,&quot;sizes&quot;:[]}}\" data-widget_type=\"heading.default\">\n\t\t\t\t\t<h6 class=\"elementor-heading-title elementor-size-default\">BIENVENUE<\/h6>\t\t\t\t<\/div>\n\t\t\t\t\t<\/div>\n\t\t\t\t<\/div>\n\t\t<div class=\"elementor-element elementor-element-7c381bf8 e-con-full e-flex e-con e-parent\" data-id=\"7c381bf8\" data-element_type=\"container\" data-e-type=\"container\" data-settings=\"{&quot;background_background&quot;:&quot;classic&quot;}\">\n\t\t<div class=\"elementor-element elementor-element-5de90b4d e-con-full e-flex e-con e-child\" data-id=\"5de90b4d\" data-element_type=\"container\" data-e-type=\"container\">\n\t\t\t\t<div class=\"elementor-element elementor-element-4ab5ee1 elementor-widget elementor-widget-heading\" data-id=\"4ab5ee1\" data-element_type=\"widget\" data-e-type=\"widget\" data-widget_type=\"heading.default\">\n\t\t\t\t\t<h1 class=\"elementor-heading-title elementor-size-default\">\ud83d\udeb4\u200d\u2642\ufe0f V\u00e9lo Club Tournus.\n  Une passion depuis 1881<\/h1>\t\t\t\t<\/div>\n\t\t\t\t<div class=\"elementor-element elementor-element-d426ece elementor-widget elementor-widget-text-editor\" data-id=\"d426ece\" data-element_type=\"widget\" data-e-type=\"widget\" data-widget_type=\"text-editor.default\">\n\t\t\t\t\t\t\t\t\t<h2 data-start=\"180\" data-end=\"234\">\u00a0<\/h2>\n<p data-start=\"236\" data-end=\"519\">Fond\u00e9 en <strong data-start=\"245\" data-end=\"253\">1881<\/strong>, le <strong data-start=\"258\" data-end=\"279\">V\u00e9lo Club Tournus<\/strong> est l\u2019un des plus anciens clubs cyclistes de France encore en activit\u00e9. Fort de plus de <strong data-start=\"368\" data-end=\"390\">140 ans d\u2019histoire<\/strong>, le club perp\u00e9tue une tradition sportive et associative profond\u00e9ment ancr\u00e9e dans le tissu local tournusien et sa\u00f4ne-et-loiren.<\/p>\t\t\t\t\t\t\t\t<\/div>\n\t\t\t\t<\/div>\n\t\t<div class=\"elementor-element elementor-element-7defaf40 e-con-full e-flex e-con e-child\" data-id=\"7defaf40\" data-element_type=\"container\" data-e-type=\"container\">\n\t\t\t\t<div class=\"elementor-element elementor-element-253a5a36 elementor-widget elementor-widget-image\" data-id=\"253a5a36\" data-element_type=\"widget\" data-e-type=\"widget\" data-widget_type=\"image.default\">\n\t\t\t\t\t\t\t\t\t\t\t\t\t\t\t<img fetchpriority=\"high\" decoding=\"async\" width=\"680\" height=\"543\" src=\"https:\/\/veloclubtournus.fr\/wp-content\/uploads\/2025\/10\/depart-course-cycl.-1949.jpg\" class=\"attachment-large size-large wp-image-35\" alt=\"\" srcset=\"https:\/\/veloclubtournus.fr\/wp-content\/uploads\/2025\/10\/depart-course-cycl.-1949.jpg 886w, https:\/\/veloclubtournus.fr\/wp-content\/uploads\/2025\/10\/depart-course-cycl.-1949-300x240.jpg 300w, https:\/\/veloclubtournus.fr\/wp-content\/uploads\/2025\/10\/depart-course-cycl.-1949-768x614.jpg 768w, https:\/\/veloclubtournus.fr\/wp-content\/uploads\/2025\/10\/depart-course-cycl.-1949-600x479.jpg 600w\" sizes=\"(max-width: 680px) 100vw, 680px\" \/>\t\t\t\t\t\t\t\t\t\t\t\t\t\t\t<\/div>\n\t\t\t\t<\/div>\n\t\t\t\t<\/div>\n\t\t<div class=\"elementor-element elementor-element-85850a4 e-flex e-con-boxed e-con e-parent\" data-id=\"85850a4\" data-element_type=\"container\" data-e-type=\"container\">\n\t\t\t\t\t<div class=\"e-con-inner\">\n\t\t<div class=\"elementor-element elementor-element-e6b43cd e-con-full e-flex e-con e-child\" data-id=\"e6b43cd\" data-element_type=\"container\" data-e-type=\"container\">\n\t\t\t\t<div class=\"elementor-element elementor-element-c5ce7bf elementor-widget elementor-widget-image\" data-id=\"c5ce7bf\" data-element_type=\"widget\" data-e-type=\"widget\" data-widget_type=\"image.default\">\n\t\t\t\t\t\t\t\t\t\t\t\t\t\t\t<img decoding=\"async\" width=\"680\" height=\"510\" src=\"https:\/\/veloclubtournus.fr\/wp-content\/uploads\/2025\/10\/IMG_5944-2-1024x768.jpg\" class=\"attachment-large size-large wp-image-34\" alt=\"\" srcset=\"https:\/\/veloclubtournus.fr\/wp-content\/uploads\/2025\/10\/IMG_5944-2-1024x768.jpg 1024w, https:\/\/veloclubtournus.fr\/wp-content\/uploads\/2025\/10\/IMG_5944-2-300x225.jpg 300w, https:\/\/veloclubtournus.fr\/wp-content\/uploads\/2025\/10\/IMG_5944-2-768x576.jpg 768w, https:\/\/veloclubtournus.fr\/wp-content\/uploads\/2025\/10\/IMG_5944-2-1536x1152.jpg 1536w, https:\/\/veloclubtournus.fr\/wp-content\/uploads\/2025\/10\/IMG_5944-2-2048x1536.jpg 2048w, https:\/\/veloclubtournus.fr\/wp-content\/uploads\/2025\/10\/IMG_5944-2-600x450.jpg 600w\" sizes=\"(max-width: 680px) 100vw, 680px\" \/>\t\t\t\t\t\t\t\t\t\t\t\t\t\t\t<\/div>\n\t\t\t\t<\/div>\n\t\t<div class=\"elementor-element elementor-element-c7a7654 e-con-full e-flex e-con e-child\" data-id=\"c7a7654\" data-element_type=\"container\" data-e-type=\"container\">\n\t\t<div class=\"elementor-element elementor-element-bdb3f33 e-con-full e-flex e-con e-child\" data-id=\"bdb3f33\" data-element_type=\"container\" data-e-type=\"container\">\n\t\t\t\t<div class=\"elementor-element elementor-element-44ac97a elementor-widget elementor-widget-heading\" data-id=\"44ac97a\" data-element_type=\"widget\" data-e-type=\"widget\" data-widget_type=\"heading.default\">\n\t\t\t\t\t<h1 class=\"elementor-heading-title elementor-size-default\">\ud83d\udfe1 Une \u00e9cole de v\u00e9lo dynamique<\/h1>\t\t\t\t<\/div>\n\t\t\t\t<\/div>\n\t\t<div class=\"elementor-element elementor-element-7c1ad80 e-con-full e-flex e-con e-child\" data-id=\"7c1ad80\" data-element_type=\"container\" data-e-type=\"container\">\n\t\t\t\t<div class=\"elementor-element elementor-element-46a2693 elementor-widget elementor-widget-text-editor\" data-id=\"46a2693\" data-element_type=\"widget\" data-e-type=\"widget\" data-widget_type=\"text-editor.default\">\n\t\t\t\t\t\t\t\t\t<p>Le VCT s\u2019investit pleinement dans la <strong data-start=\"595\" data-end=\"619\">formation des jeunes<\/strong>, de l\u2019<strong data-start=\"626\" data-end=\"643\">\u00e9cole de v\u00e9lo<\/strong> jusqu\u2019aux <strong data-start=\"654\" data-end=\"681\">cat\u00e9gories comp\u00e9titives<\/strong>.<br \/>Encadr\u00e9s par des \u00e9ducateurs dipl\u00f4m\u00e9s et passionn\u00e9s, les jeunes cyclistes d\u00e9couvrent les valeurs du sport : effort, respect, solidarit\u00e9 et d\u00e9passement de soi.<\/p>\t\t\t\t\t\t\t\t<\/div>\n\t\t\t\t<\/div>\n\t\t\t\t<\/div>\n\t\t\t\t\t<\/div>\n\t\t\t\t<\/div>\n\t\t<div class=\"elementor-element elementor-element-3dc1af12 e-flex e-con-boxed e-con e-parent\" data-id=\"3dc1af12\" data-element_type=\"container\" data-e-type=\"container\">\n\t\t\t\t\t<div class=\"e-con-inner\">\n\t\t<div class=\"elementor-element elementor-element-4026feae e-con-full e-flex e-con e-child\" data-id=\"4026feae\" data-element_type=\"container\" data-e-type=\"container\">\n\t\t<div class=\"elementor-element elementor-element-5e923d77 e-con-full e-flex e-con e-child\" data-id=\"5e923d77\" data-element_type=\"container\" data-e-type=\"container\">\n\t\t\t\t<div class=\"elementor-element elementor-element-5c027709 elementor-widget elementor-widget-image\" data-id=\"5c027709\" data-element_type=\"widget\" data-e-type=\"widget\" data-widget_type=\"image.default\">\n\t\t\t\t\t\t\t\t\t\t\t\t\t\t\t<img decoding=\"async\" width=\"680\" height=\"907\" src=\"https:\/\/veloclubtournus.fr\/wp-content\/uploads\/2025\/10\/WhatsApp-Image-2025-05-24-at-19.41.01-768x1024.jpeg\" class=\"attachment-large size-large wp-image-38\" alt=\"\" srcset=\"https:\/\/veloclubtournus.fr\/wp-content\/uploads\/2025\/10\/WhatsApp-Image-2025-05-24-at-19.41.01-768x1024.jpeg 768w, https:\/\/veloclubtournus.fr\/wp-content\/uploads\/2025\/10\/WhatsApp-Image-2025-05-24-at-19.41.01-225x300.jpeg 225w, https:\/\/veloclubtournus.fr\/wp-content\/uploads\/2025\/10\/WhatsApp-Image-2025-05-24-at-19.41.01-1152x1536.jpeg 1152w, https:\/\/veloclubtournus.fr\/wp-content\/uploads\/2025\/10\/WhatsApp-Image-2025-05-24-at-19.41.01-600x800.jpeg 600w, https:\/\/veloclubtournus.fr\/wp-content\/uploads\/2025\/10\/WhatsApp-Image-2025-05-24-at-19.41.01.jpeg 1536w\" sizes=\"(max-width: 680px) 100vw, 680px\" \/>\t\t\t\t\t\t\t\t\t\t\t\t\t\t\t<\/div>\n\t\t\t\t<\/div>\n\t\t<div class=\"elementor-element elementor-element-1a7512ec e-con-full e-flex e-con e-child\" data-id=\"1a7512ec\" data-element_type=\"container\" data-e-type=\"container\">\n\t\t\t\t<div class=\"elementor-element elementor-element-31760d98 elementor-widget elementor-widget-image\" data-id=\"31760d98\" data-element_type=\"widget\" data-e-type=\"widget\" data-widget_type=\"image.default\">\n\t\t\t\t\t\t\t\t\t\t\t\t\t\t\t<img loading=\"lazy\" decoding=\"async\" width=\"587\" height=\"1024\" src=\"https:\/\/veloclubtournus.fr\/wp-content\/uploads\/2025\/10\/WhatsApp-Image-2025-10-21-at-10.17.34-587x1024.jpeg\" class=\"attachment-large size-large wp-image-37\" alt=\"\" srcset=\"https:\/\/veloclubtournus.fr\/wp-content\/uploads\/2025\/10\/WhatsApp-Image-2025-10-21-at-10.17.34-587x1024.jpeg 587w, https:\/\/veloclubtournus.fr\/wp-content\/uploads\/2025\/10\/WhatsApp-Image-2025-10-21-at-10.17.34-172x300.jpeg 172w, https:\/\/veloclubtournus.fr\/wp-content\/uploads\/2025\/10\/WhatsApp-Image-2025-10-21-at-10.17.34-768x1340.jpeg 768w, https:\/\/veloclubtournus.fr\/wp-content\/uploads\/2025\/10\/WhatsApp-Image-2025-10-21-at-10.17.34-881x1536.jpeg 881w, https:\/\/veloclubtournus.fr\/wp-content\/uploads\/2025\/10\/WhatsApp-Image-2025-10-21-at-10.17.34-600x1047.jpeg 600w, https:\/\/veloclubtournus.fr\/wp-content\/uploads\/2025\/10\/WhatsApp-Image-2025-10-21-at-10.17.34.jpeg 1174w\" sizes=\"(max-width: 587px) 100vw, 587px\" \/>\t\t\t\t\t\t\t\t\t\t\t\t\t\t\t<\/div>\n\t\t\t\t<\/div>\n\t\t\t\t<\/div>\n\t\t<div class=\"elementor-element elementor-element-3063a802 e-con-full e-flex e-con e-child\" data-id=\"3063a802\" data-element_type=\"container\" data-e-type=\"container\">\n\t\t\t\t<div class=\"elementor-element elementor-element-1d3fb2cb elementor-widget elementor-widget-heading\" data-id=\"1d3fb2cb\" data-element_type=\"widget\" data-e-type=\"widget\" data-widget_type=\"heading.default\">\n\t\t\t\t\t<h3 class=\"elementor-heading-title elementor-size-default\">\u26ab Des disciplines vari\u00e9es<\/h3>\t\t\t\t<\/div>\n\t\t\t\t<div class=\"elementor-element elementor-element-17ecf2b0 elementor-widget elementor-widget-text-editor\" data-id=\"17ecf2b0\" data-element_type=\"widget\" data-e-type=\"widget\" data-widget_type=\"text-editor.default\">\n\t\t\t\t\t\t\t\t\t<p>Route, VTT, cyclocross, randonn\u00e9es\u2026 le club offre \u00e0 chacun la possibilit\u00e9 de s\u2019\u00e9panouir dans la pratique qui lui correspond, que ce soit pour <strong data-start=\"1018\" data-end=\"1064\">le loisir, la comp\u00e9tition ou la d\u00e9couverte<\/strong>.<\/p>\n<p><br data-start=\"1065\" data-end=\"1068\" \/>Le <strong data-start=\"1071\" data-end=\"1078\">VTT<\/strong> occupe une place de choix avec la participation \u00e0 de nombreuses \u00e9preuves r\u00e9gionales et nationales, ainsi que l\u2019organisation d\u2019\u00e9v\u00e9nements majeurs en Bourgogne-Franche-Comt\u00e9.<\/p>\t\t\t\t\t\t\t\t<\/div>\n\t\t\t\t<\/div>\n\t\t\t\t\t<\/div>\n\t\t\t\t<\/div>\n\t\t<div class=\"elementor-element elementor-element-b841568 e-flex e-con-boxed e-con e-parent\" data-id=\"b841568\" data-element_type=\"container\" data-e-type=\"container\">\n\t\t\t\t\t<div class=\"e-con-inner\">\n\t\t<div class=\"elementor-element elementor-element-07d9a46 e-con-full e-flex e-con e-child\" data-id=\"07d9a46\" data-element_type=\"container\" data-e-type=\"container\">\n\t\t\t\t<div class=\"elementor-element elementor-element-abe0822 elementor-widget elementor-widget-image\" data-id=\"abe0822\" data-element_type=\"widget\" data-e-type=\"widget\" data-widget_type=\"image.default\">\n\t\t\t\t\t\t\t\t\t\t\t\t\t\t\t<img loading=\"lazy\" decoding=\"async\" width=\"680\" height=\"510\" src=\"https:\/\/veloclubtournus.fr\/wp-content\/uploads\/2025\/10\/WhatsApp-Image-2025-10-19-at-17.54.34-1024x768.jpeg\" class=\"attachment-large size-large wp-image-40\" alt=\"\" srcset=\"https:\/\/veloclubtournus.fr\/wp-content\/uploads\/2025\/10\/WhatsApp-Image-2025-10-19-at-17.54.34-1024x768.jpeg 1024w, https:\/\/veloclubtournus.fr\/wp-content\/uploads\/2025\/10\/WhatsApp-Image-2025-10-19-at-17.54.34-300x225.jpeg 300w, https:\/\/veloclubtournus.fr\/wp-content\/uploads\/2025\/10\/WhatsApp-Image-2025-10-19-at-17.54.34-768x576.jpeg 768w, https:\/\/veloclubtournus.fr\/wp-content\/uploads\/2025\/10\/WhatsApp-Image-2025-10-19-at-17.54.34-1536x1152.jpeg 1536w, https:\/\/veloclubtournus.fr\/wp-content\/uploads\/2025\/10\/WhatsApp-Image-2025-10-19-at-17.54.34-600x450.jpeg 600w, https:\/\/veloclubtournus.fr\/wp-content\/uploads\/2025\/10\/WhatsApp-Image-2025-10-19-at-17.54.34.jpeg 2048w\" sizes=\"(max-width: 680px) 100vw, 680px\" \/>\t\t\t\t\t\t\t\t\t\t\t\t\t\t\t<\/div>\n\t\t\t\t<\/div>\n\t\t<div class=\"elementor-element elementor-element-ea4da68 e-con-full e-flex e-con e-child\" data-id=\"ea4da68\" data-element_type=\"container\" data-e-type=\"container\">\n\t\t<div class=\"elementor-element elementor-element-f21c9b6 e-con-full e-flex e-con e-child\" data-id=\"f21c9b6\" data-element_type=\"container\" data-e-type=\"container\">\n\t\t\t\t<div class=\"elementor-element elementor-element-4ba814a elementor-widget elementor-widget-heading\" data-id=\"4ba814a\" data-element_type=\"widget\" data-e-type=\"widget\" data-widget_type=\"heading.default\">\n\t\t\t\t\t<h1 class=\"elementor-heading-title elementor-size-default\">\ud83e\udd1d Un ancrage local fort<\/h1>\t\t\t\t<\/div>\n\t\t\t\t<\/div>\n\t\t<div class=\"elementor-element elementor-element-4e1a69e e-con-full e-flex e-con e-child\" data-id=\"4e1a69e\" data-element_type=\"container\" data-e-type=\"container\">\n\t\t\t\t<div class=\"elementor-element elementor-element-c7144d8 elementor-widget elementor-widget-text-editor\" data-id=\"c7144d8\" data-element_type=\"widget\" data-e-type=\"widget\" data-widget_type=\"text-editor.default\">\n\t\t\t\t\t\t\t\t\t<p>Acteur reconnu de la vie associative, le VCT collabore \u00e9troitement avec la <strong data-start=\"1671\" data-end=\"1691\">Ville de Tournus<\/strong>, le <strong data-start=\"1696\" data-end=\"1729\">D\u00e9partement de Sa\u00f4ne-et-Loire<\/strong> et la <strong data-start=\"1736\" data-end=\"1772\">F\u00e9d\u00e9ration Fran\u00e7aise de Cyclisme<\/strong>. <br \/>Le club est fier de repr\u00e9senter les couleurs de Tournus sur les routes et les chemins de France.<\/p>\t\t\t\t\t\t\t\t<\/div>\n\t\t\t\t<\/div>\n\t\t\t\t<\/div>\n\t\t\t\t\t<\/div>\n\t\t\t\t<\/div>\n\t\t<div class=\"elementor-element elementor-element-8115952 e-flex e-con-boxed e-con e-parent\" data-id=\"8115952\" data-element_type=\"container\" data-e-type=\"container\">\n\t\t\t\t\t<div class=\"e-con-inner\">\n\t\t<div class=\"elementor-element elementor-element-f78e032 e-con-full e-flex e-con e-child\" data-id=\"f78e032\" data-element_type=\"container\" data-e-type=\"container\">\n\t\t\t\t<div class=\"elementor-element elementor-element-957e0ca elementor-widget elementor-widget-heading\" data-id=\"957e0ca\" data-element_type=\"widget\" data-e-type=\"widget\" data-widget_type=\"heading.default\">\n\t\t\t\t\t<h1 class=\"elementor-heading-title elementor-size-default\">\ud83c\udfc6 Une aventure humaine et sportive<\/h1>\t\t\t\t<\/div>\n\t\t\t\t<div class=\"elementor-element elementor-element-448aa79 elementor-widget elementor-widget-text-editor\" data-id=\"448aa79\" data-element_type=\"widget\" data-e-type=\"widget\" data-widget_type=\"text-editor.default\">\n\t\t\t\t\t\t\t\t\t<p>Plus qu\u2019un simple club, le <strong data-start=\"1943\" data-end=\"1964\">V\u00e9lo Club Tournus<\/strong> est une <strong data-start=\"1973\" data-end=\"1984\">famille<\/strong> o\u00f9 se m\u00ealent g\u00e9n\u00e9rations, amiti\u00e9, performance et passion du v\u00e9lo.<\/p>\n<p>Que vous soyez jeune d\u00e9butant, comp\u00e9titeur confirm\u00e9 ou amateur de randonn\u00e9es, <strong data-start=\"2129\" data-end=\"2147\">rejoignez-nous<\/strong> et p\u00e9dalez dans l\u2019histoire d\u2019un club l\u00e9gendaire.<\/p>\t\t\t\t\t\t\t\t<\/div>\n\t\t\t\t<\/div>\n\t\t<div class=\"elementor-element elementor-element-f665ab0 e-con-full e-flex e-con e-child\" data-id=\"f665ab0\" data-element_type=\"container\" data-e-type=\"container\">\n\t\t\t\t<div class=\"elementor-element elementor-element-9faf5b0 elementor-widget elementor-widget-image\" data-id=\"9faf5b0\" data-element_type=\"widget\" data-e-type=\"widget\" data-widget_type=\"image.default\">\n\t\t\t\t\t\t\t\t\t\t\t\t\t\t\t<img loading=\"lazy\" decoding=\"async\" width=\"680\" height=\"319\" src=\"https:\/\/veloclubtournus.fr\/wp-content\/uploads\/2025\/10\/WhatsApp-Image-2025-10-04-at-21.04.58-1024x481.jpeg\" class=\"attachment-large size-large wp-image-39\" alt=\"\" srcset=\"https:\/\/veloclubtournus.fr\/wp-content\/uploads\/2025\/10\/WhatsApp-Image-2025-10-04-at-21.04.58-1024x481.jpeg 1024w, https:\/\/veloclubtournus.fr\/wp-content\/uploads\/2025\/10\/WhatsApp-Image-2025-10-04-at-21.04.58-300x141.jpeg 300w, https:\/\/veloclubtournus.fr\/wp-content\/uploads\/2025\/10\/WhatsApp-Image-2025-10-04-at-21.04.58-768x360.jpeg 768w, https:\/\/veloclubtournus.fr\/wp-content\/uploads\/2025\/10\/WhatsApp-Image-2025-10-04-at-21.04.58-1536x721.jpeg 1536w, https:\/\/veloclubtournus.fr\/wp-content\/uploads\/2025\/10\/WhatsApp-Image-2025-10-04-at-21.04.58-600x282.jpeg 600w, https:\/\/veloclubtournus.fr\/wp-content\/uploads\/2025\/10\/WhatsApp-Image-2025-10-04-at-21.04.58.jpeg 1600w\" sizes=\"(max-width: 680px) 100vw, 680px\" \/>\t\t\t\t\t\t\t\t\t\t\t\t\t\t\t<\/div>\n\t\t\t\t<\/div>\n\t\t\t\t\t<\/div>\n\t\t\t\t<\/div>\n\t\t<div class=\"elementor-element elementor-element-1f6e64bf e-con-full e-flex e-con e-parent\" data-id=\"1f6e64bf\" data-element_type=\"container\" data-e-type=\"container\" data-settings=\"{&quot;background_background&quot;:&quot;classic&quot;}\">\n\t\t\t\t<div class=\"elementor-element elementor-element-344f97b3 elementor-widget elementor-widget-heading\" data-id=\"344f97b3\" data-element_type=\"widget\" data-e-type=\"widget\" data-widget_type=\"heading.default\">\n\t\t\t\t\t<p class=\"elementor-heading-title elementor-size-default\">V\u00e9lo Club Tournus \u00a9 2025 All Rights Reserved.<\/p>\t\t\t\t<\/div>\n\t\t\t\t<\/div>\n\t\t\t\t<\/div>\n\t\t","protected":false},"excerpt":{"rendered":"<p>BIENVENUE \ud83d\udeb4\u200d\u2642\ufe0f V\u00e9lo Club Tournus. Une passion depuis 1881 \u00a0 Fond\u00e9 en 1881, le V\u00e9lo Club Tournus est l\u2019un des plus anciens clubs cyclistes de France encore en activit\u00e9. Fort de plus de 140 ans d\u2019histoire, le club perp\u00e9tue une tradition sportive et associative profond\u00e9ment ancr\u00e9e dans le tissu local tournusien et sa\u00f4ne-et-loiren. \ud83d\udfe1 Une [&hellip;]<\/p>\n","protected":false},"author":1,"featured_media":0,"parent":0,"menu_order":0,"comment_status":"closed","ping_status":"open","template":"elementor_header_footer","meta":{"footnotes":""},"class_list":["post-2","page","type-page","status-publish","hentry"],"jetpack_sharing_enabled":true,"_links":{"self":[{"href":"https:\/\/veloclubtournus.fr\/index.php?rest_route=\/wp\/v2\/pages\/2","targetHints":{"allow":["GET"]}}],"collection":[{"href":"https:\/\/veloclubtournus.fr\/index.php?rest_route=\/wp\/v2\/pages"}],"about":[{"href":"https:\/\/veloclubtournus.fr\/index.php?rest_route=\/wp\/v2\/types\/page"}],"author":[{"embeddable":true,"href":"https:\/\/veloclubtournus.fr\/index.php?rest_route=\/wp\/v2\/users\/1"}],"replies":[{"embeddable":true,"href":"https:\/\/veloclubtournus.fr\/index.php?rest_route=%2Fwp%2Fv2%2Fcomments&post=2"}],"version-history":[{"count":14,"href":"https:\/\/veloclubtournus.fr\/index.php?rest_route=\/wp\/v2\/pages\/2\/revisions"}],"predecessor-version":[{"id":173,"href":"https:\/\/veloclubtournus.fr\/index.php?rest_route=\/wp\/v2\/pages\/2\/revisions\/173"}],"wp:attachment":[{"href":"https:\/\/veloclubtournus.fr\/index.php?rest_route=%2Fwp%2Fv2%2Fmedia&parent=2"}],"curies":[{"name":"wp","href":"https:\/\/api.w.org\/{rel}","templated":true}]}}